{"id":1036,"date":"2023-09-08T09:36:21","date_gmt":"2023-09-08T07:36:21","guid":{"rendered":"https:\/\/www.infinityform.es\/accueil\/"},"modified":"2025-03-08T19:23:36","modified_gmt":"2025-03-08T18:23:36","slug":"accueil","status":"publish","type":"page","link":"https:\/\/www.infinityform.es\/fr\/","title":{"rendered":"Accueil"},"content":{"rendered":"<p>[et_pb_section fb_built=\u00a0\u00bb1&Prime; fullwidth=\u00a0\u00bbon\u00a0\u00bb _builder_version=\u00a0\u00bb4.22.1&Prime; _module_preset=\u00a0\u00bbdefault\u00a0\u00bb global_colors_info=\u00a0\u00bb{}\u00a0\u00bb][et_pb_nextend_smart_slider_3_fullwidth slider=\u00a0\u00bb6&Prime; _builder_version=\u00a0\u00bb4.27.4&Prime; _module_preset=\u00a0\u00bbdefault\u00a0\u00bb global_colors_info=\u00a0\u00bb{}\u00a0\u00bb hover_enabled=\u00a0\u00bb0&Prime; sticky_enabled=\u00a0\u00bb0&Prime;][\/et_pb_nextend_smart_slider_3_fullwidth][\/et_pb_section][et_pb_section fb_built=\u00a0\u00bb1&Prime; _builder_version=\u00a0\u00bb4.22.2&Prime; _module_preset=\u00a0\u00bbdefault\u00a0\u00bb background_image=\u00a0\u00bbhttps:\/\/www.infinityform.es\/wp-content\/uploads\/2023\/09\/b0211c40-26a7-4d20-bf2f-122eeb547e2c.jpg\u00a0\u00bb background_position=\u00a0\u00bbtop_left\u00a0\u00bb background_enable_mask_style=\u00a0\u00bbon\u00a0\u00bb background_mask_style=\u00a0\u00bbcorner-pill\u00a0\u00bb background_mask_color=\u00a0\u00bb#a7a1c2&Prime; background_mask_size=\u00a0\u00bbcover\u00a0\u00bb background_mask_position=\u00a0\u00bbbottom_left\u00a0\u00bb background_mask_vertical_offset=\u00a0\u00bb52%\u00a0\u00bb custom_padding=\u00a0\u00bb205px||205px||true|\u00a0\u00bb global_colors_info=\u00a0\u00bb{}\u00a0\u00bb][et_pb_row column_structure=\u00a0\u00bb3_5,2_5&Prime; use_custom_gutter=\u00a0\u00bbon\u00a0\u00bb gutter_width=\u00a0\u00bb2&Prime; _builder_version=\u00a0\u00bb4.22.2&Prime; _module_preset=\u00a0\u00bbdefault\u00a0\u00bb global_colors_info=\u00a0\u00bb{}\u00a0\u00bb][et_pb_column type=\u00a0\u00bb3_5&Prime; _builder_version=\u00a0\u00bb4.22.1&Prime; _module_preset=\u00a0\u00bbdefault\u00a0\u00bb global_colors_info=\u00a0\u00bb{}\u00a0\u00bb][et_pb_text _builder_version=\u00a0\u00bb4.24.0&Prime; _module_preset=\u00a0\u00bbdefault\u00a0\u00bb text_text_color=\u00a0\u00bb#FFFFFF\u00a0\u00bb text_font_size=\u00a0\u00bb16px\u00a0\u00bb header_2_font=\u00a0\u00bb|700|||||||\u00a0\u00bb header_2_text_color=\u00a0\u00bb#FFFFFF\u00a0\u00bb global_colors_info=\u00a0\u00bb{}\u00a0\u00bb]<\/p>\n<h2>Pr\u00eat \u00e0 cr\u00e9er ?<\/h2>\n<p>[\/et_pb_text][et_pb_text _builder_version=\u00a0\u00bb4.23.1&Prime; _module_preset=\u00a0\u00bbdefault\u00a0\u00bb text_text_color=\u00a0\u00bb#FFFFFF\u00a0\u00bb text_font_size=\u00a0\u00bb18px\u00a0\u00bb header_2_font=\u00a0\u00bb|700|||||||\u00a0\u00bb header_2_text_color=\u00a0\u00bb#FFFFFF\u00a0\u00bb custom_padding=\u00a0\u00bb|150px|||false|false\u00a0\u00bb custom_padding_tablet=\u00a0\u00bb|150px|||false|false\u00a0\u00bb custom_padding_phone=\u00a0\u00bb|0px|||false|false\u00a0\u00bb custom_padding_last_edited=\u00a0\u00bbon|phone\u00a0\u00bb global_colors_info=\u00a0\u00bb{}\u00a0\u00bb]<\/p>\n<p>Avec nous, tout ce que vous imaginez, est possible.<\/p>\n<p>Car nous sommes plus qu&rsquo;un fabricant de produits de plaques en pl\u00e2tre lamin\u00e9. Nous donnons vie au pl\u00e2tre lamin\u00e9 avec des \u00e9l\u00e9ments pr\u00e9form\u00e9s afin d&rsquo;obtenir un design innovateur.<\/p>\n<p>[\/et_pb_text][et_pb_button button_url=\u00a0\u00bb@ET-DC@eyJkeW5hbWljIjp0cnVlLCJjb250ZW50IjoicG9zdF9saW5rX3VybF9wYWdlIiwic2V0dGluZ3MiOnsicG9zdF9pZCI6IjIxIiwiZW5hYmxlX2h0bWwiOiJvZmYifX0=@\u00a0\u00bb button_text=\u00a0\u00bbvoir des projets\u00a0\u00bb _builder_version=\u00a0\u00bb4.22.2&Prime; _dynamic_attributes=\u00a0\u00bbbutton_url\u00a0\u00bb _module_preset=\u00a0\u00bbdefault\u00a0\u00bb custom_button=\u00a0\u00bbon\u00a0\u00bb button_text_color=\u00a0\u00bb#FFFFFF\u00a0\u00bb button_bg_color=\u00a0\u00bb#5b5ba5&Prime; button_border_color=\u00a0\u00bb#5b5ba5&Prime; button_border_radius=\u00a0\u00bb70px\u00a0\u00bb global_colors_info=\u00a0\u00bb{}\u00a0\u00bb][\/et_pb_button][\/et_pb_column][et_pb_column type=\u00a0\u00bb2_5&Prime; _builder_version=\u00a0\u00bb4.22.1&Prime; _module_preset=\u00a0\u00bbdefault\u00a0\u00bb global_colors_info=\u00a0\u00bb{}\u00a0\u00bb][\/et_pb_column][\/et_pb_row][\/et_pb_section][et_pb_section fb_built=\u00a0\u00bb1&Prime; _builder_version=\u00a0\u00bb4.22.2&Prime; _module_preset=\u00a0\u00bbdefault\u00a0\u00bb background_color=\u00a0\u00bb#5b5ba5&Prime; global_colors_info=\u00a0\u00bb{}\u00a0\u00bb][et_pb_row column_structure=\u00a0\u00bb2_3,1_3&Prime; _builder_version=\u00a0\u00bb4.22.1&Prime; _module_preset=\u00a0\u00bbdefault\u00a0\u00bb global_colors_info=\u00a0\u00bb{}\u00a0\u00bb][et_pb_column type=\u00a0\u00bb2_3&Prime; _builder_version=\u00a0\u00bb4.22.1&Prime; _module_preset=\u00a0\u00bbdefault\u00a0\u00bb global_colors_info=\u00a0\u00bb{}\u00a0\u00bb][et_pb_text _builder_version=\u00a0\u00bb4.22.1&Prime; _module_preset=\u00a0\u00bbdefault\u00a0\u00bb header_2_font=\u00a0\u00bb|700|||||||\u00a0\u00bb header_2_text_color=\u00a0\u00bb#FFFFFF\u00a0\u00bb global_colors_info=\u00a0\u00bb{}\u00a0\u00bb]<\/p>\n<h2>Qualit\u00e9, design et \u00e9conomie avec une finition choisie sur mesure<\/h2>\n<p>[\/et_pb_text][et_pb_text _builder_version=\u00a0\u00bb4.23.1&Prime; _module_preset=\u00a0\u00bbdefault\u00a0\u00bb text_text_color=\u00a0\u00bb#FFFFFF\u00a0\u00bb text_font_size=\u00a0\u00bb18px\u00a0\u00bb header_2_font_size=\u00a0\u00bb27px\u00a0\u00bb global_colors_info=\u00a0\u00bb{}\u00a0\u00bb]<\/p>\n<p>Le travail que nous r\u00e9alisons a pour base notre technicien, qui jouit d&rsquo;une EXP\u00c9RIENCE DE PLUS DE 20 ANS dans ce secteur.<\/p>\n<p>Avec une exp\u00e9rience tant nationale qu&rsquo;internationale, qui nous permet de vous offrir les produits les plus innovants pour vos projets, assortis de PRIX HAUTEMENT COMP\u00c9TITIFS et une personnalit\u00e9 unique.<\/p>\n<p>[\/et_pb_text][et_pb_button button_url=\u00a0\u00bb@ET-DC@eyJkeW5hbWljIjp0cnVlLCJjb250ZW50IjoicG9zdF9saW5rX3VybF9wYWdlIiwic2V0dGluZ3MiOnsicG9zdF9pZCI6IjE5IiwiZW5hYmxlX2h0bWwiOiJvZmYifX0=@\u00a0\u00bb button_text=\u00a0\u00bbnous\u00a0\u00bb _builder_version=\u00a0\u00bb4.22.2&Prime; _dynamic_attributes=\u00a0\u00bbbutton_url\u00a0\u00bb _module_preset=\u00a0\u00bbdefault\u00a0\u00bb custom_button=\u00a0\u00bbon\u00a0\u00bb button_text_color=\u00a0\u00bb#FFFFFF\u00a0\u00bb button_border_radius=\u00a0\u00bb82px\u00a0\u00bb global_colors_info=\u00a0\u00bb{}\u00a0\u00bb][\/et_pb_button][\/et_pb_column][et_pb_column type=\u00a0\u00bb1_3&Prime; _builder_version=\u00a0\u00bb4.22.1&Prime; _module_preset=\u00a0\u00bbdefault\u00a0\u00bb global_colors_info=\u00a0\u00bb{}\u00a0\u00bb][\/et_pb_column][\/et_pb_row][\/et_pb_section][et_pb_section fb_built=\u00a0\u00bb1&Prime; admin_label=\u00a0\u00bbCode\u00a0\u00bb _builder_version=\u00a0\u00bb4.22.2&Prime; _module_preset=\u00a0\u00bbdefault\u00a0\u00bb background_color=\u00a0\u00bb#5b5ba5&Prime; custom_padding=\u00a0\u00bb0px||0px||true|false\u00a0\u00bb global_colors_info=\u00a0\u00bb{}\u00a0\u00bb][et_pb_row _builder_version=\u00a0\u00bb4.22.2&Prime; _module_preset=\u00a0\u00bbdefault\u00a0\u00bb custom_padding=\u00a0\u00bb0px||0px||true|false\u00a0\u00bb global_colors_info=\u00a0\u00bb{}\u00a0\u00bb][et_pb_column type=\u00a0\u00bb4_4&Prime; _builder_version=\u00a0\u00bb4.16&Prime; _module_preset=\u00a0\u00bbdefault\u00a0\u00bb global_colors_info=\u00a0\u00bb{}\u00a0\u00bb][et_pb_code admin_label=\u00a0\u00bbVOS R\u00c9GLAGES\u00a0\u00bb _builder_version=\u00a0\u00bb4.16&Prime; _module_preset=\u00a0\u00bbdefault\u00a0\u00bb global_colors_info=\u00a0\u00bb{}\u00a0\u00bb]<script><!-- [et_pb_line_break_holder] --><!-- [et_pb_line_break_holder] -->  \/\/ text on blog hover<!-- [et_pb_line_break_holder] -->  var textBlog = \"Read\";<!-- [et_pb_line_break_holder] -->  <!-- [et_pb_line_break_holder] -->  \/\/ text on button and link hover<!-- [et_pb_line_break_holder] -->  var textButton = \"Click\";<!-- [et_pb_line_break_holder] -->  <!-- [et_pb_line_break_holder] -->  <!-- [et_pb_line_break_holder] --><\/script><!-- [et_pb_line_break_holder] --><!-- [et_pb_line_break_holder] --><\/p>\n<style><!-- [et_pb_line_break_holder] -->  <!-- [et_pb_line_break_holder] -->  \/* CURSOR TEXT COLOR, FONT & SIZE *\/<!-- [et_pb_line_break_holder] -->  .nn-cursor-text {<!-- [et_pb_line_break_holder] -->    color: #fff;<!-- [et_pb_line_break_holder] -->    font-family: \"Poppins\",sans-serif;<!-- [et_pb_line_break_holder] -->    font-size: 20px;<!-- [et_pb_line_break_holder] -->  }<!-- [et_pb_line_break_holder] -->  <!-- [et_pb_line_break_holder] -->  \/* CURSOR COLOR *\/<!-- [et_pb_line_break_holder] -->  .nn-cursor:before {<!-- [et_pb_line_break_holder] -->    background: #F9634B;<!-- [et_pb_line_break_holder] -->  }<!-- [et_pb_line_break_holder] -->  <!-- [et_pb_line_break_holder] --><\/style>\n<p>[\/et_pb_code][et_pb_code admin_label=\u00a0\u00bbJS\u00a0\u00bb _builder_version=\u00a0\u00bb4.16&Prime; _module_preset=\u00a0\u00bbdefault\u00a0\u00bb global_colors_info=\u00a0\u00bb{}\u00a0\u00bb]<script><!-- [et_pb_line_break_holder] -->\tjQuery(function($){<!-- [et_pb_line_break_holder] -->  \t$( \"body\" ).append( \"<\/p>\n<div class='nn-cursor -visible'>\n<div class='nn-cursor-text'><\/div>\n<\/div>\n<p>\" );<!-- [et_pb_line_break_holder] -->    <!-- [et_pb_line_break_holder] -->    var cursor = document.querySelector('.nn-cursor');<!-- [et_pb_line_break_holder] -->    var cursorText = document.querySelector('.nn-cursor-text');<!-- [et_pb_line_break_holder] --><!-- [et_pb_line_break_holder] -->    document.addEventListener('mousemove', function(e){<!-- [et_pb_line_break_holder] -->      var x = e.clientX;<!-- [et_pb_line_break_holder] -->      var y = e.clientY;<!-- [et_pb_line_break_holder] -->      cursor.style.left = x + \"px\";<!-- [et_pb_line_break_holder] -->      cursor.style.top = y + \"px\";<!-- [et_pb_line_break_holder] -->      \/*cursor.style.transform = \"translate(\" + x + \"px ,\" + y + \"px)\";*\/<!-- [et_pb_line_break_holder] -->    });<!-- [et_pb_line_break_holder] --><!-- [et_pb_line_break_holder] --><!-- [et_pb_line_break_holder] -->    var links = document.querySelectorAll('a');<!-- [et_pb_line_break_holder] -->    links.forEach(item => {<!-- [et_pb_line_break_holder] -->      item.addEventListener('mouseover', () => {<!-- [et_pb_line_break_holder] -->        cursorText.innerHTML = textButton;<!-- [et_pb_line_break_holder] -->        cursor.classList.add('-text');<!-- [et_pb_line_break_holder] -->      });<!-- [et_pb_line_break_holder] -->      item.addEventListener('mouseleave', () => {<!-- [et_pb_line_break_holder] -->        cursorText.innerHTML = \"\";<!-- [et_pb_line_break_holder] -->        cursor.classList.remove('-text');<!-- [et_pb_line_break_holder] -->      });<!-- [et_pb_line_break_holder] -->    })<!-- [et_pb_line_break_holder] -->    <!-- [et_pb_line_break_holder] -->    var blog = document.querySelectorAll('.et_pb_post');<!-- [et_pb_line_break_holder] -->    blog.forEach(item => {<!-- [et_pb_line_break_holder] -->      item.addEventListener('mouseover', () => {<!-- [et_pb_line_break_holder] -->        cursorText.innerHTML = \"Read\";<!-- [et_pb_line_break_holder] -->        cursor.classList.add('-text');<!-- [et_pb_line_break_holder] -->      });<!-- [et_pb_line_break_holder] -->      item.addEventListener('mouseleave', () => {<!-- [et_pb_line_break_holder] -->        cursorText.innerHTML = \"\";<!-- [et_pb_line_break_holder] -->        cursor.classList.remove('-text');<!-- [et_pb_line_break_holder] -->      });<!-- [et_pb_line_break_holder] -->    })<!-- [et_pb_line_break_holder] -->    <!-- [et_pb_line_break_holder] -->  });<!-- [et_pb_line_break_holder] --><\/script>[\/et_pb_code][et_pb_code admin_label=\u00a0\u00bbCSS\u00a0\u00bb _builder_version=\u00a0\u00bb4.22.2&Prime; _module_preset=\u00a0\u00bbdefault\u00a0\u00bb global_colors_info=\u00a0\u00bb{}\u00a0\u00bb]<\/p>\n<style><!-- [et_pb_line_break_holder] -->  <!-- [et_pb_line_break_holder] -->.et_mobile_device .nn-cursor {<!-- [et_pb_line_break_holder] -->  display: none;<!-- [et_pb_line_break_holder] -->}<!-- [et_pb_line_break_holder] --><!-- [et_pb_line_break_holder] -->.nn-cursor {<!-- [et_pb_line_break_holder] -->  position: fixed;<!-- [et_pb_line_break_holder] -->  top: 0;<!-- [et_pb_line_break_holder] -->  left: 0;<!-- [et_pb_line_break_holder] -->  z-index: 99999;<!-- [et_pb_line_break_holder] -->  contain: layout style size;<!-- [et_pb_line_break_holder] -->  pointer-events: none;<!-- [et_pb_line_break_holder] -->  will-change: transform;<!-- [et_pb_line_break_holder] -->  transition: all 200ms ease-out;<!-- [et_pb_line_break_holder] -->}<!-- [et_pb_line_break_holder] -->  <!-- [et_pb_line_break_holder] -->  .nn-cursor.-visible:before {<!-- [et_pb_line_break_holder] -->  transform: scale(1);<!-- [et_pb_line_break_holder] -->}<!-- [et_pb_line_break_holder] -->  <!-- [et_pb_line_break_holder] -->  .nn-cursor.-text .nn-cursor-text {<!-- [et_pb_line_break_holder] -->  opacity: 1;<!-- [et_pb_line_break_holder] -->  transform: scale(1) rotate(0);<!-- [et_pb_line_break_holder] -->}<!-- [et_pb_line_break_holder] -->  <!-- [et_pb_line_break_holder] -->  .nn-cursor-text {<!-- [et_pb_line_break_holder] -->  position: absolute;<!-- [et_pb_line_break_holder] -->  top: -47px;<!-- [et_pb_line_break_holder] -->  left: -47px;<!-- [et_pb_line_break_holder] -->  width: 94px;<!-- [et_pb_line_break_holder] -->  height: 94px;<!-- [et_pb_line_break_holder] -->  display: flex;<!-- [et_pb_line_break_holder] -->  align-items: center;<!-- [et_pb_line_break_holder] -->  justify-content: center;<!-- [et_pb_line_break_holder] -->  transform: scale(0) rotate(120deg);<!-- [et_pb_line_break_holder] -->  color: #fff;<!-- [et_pb_line_break_holder] -->  font-family: \"Nunito Sans\",sans-serif;<!-- [et_pb_line_break_holder] -->  font-size: 20px;<!-- [et_pb_line_break_holder] -->  text-align: center;<!-- [et_pb_line_break_holder] -->  transition: transform .8s cubic-bezier(.4,.22,.21,1.04);<!-- [et_pb_line_break_holder] -->}<!-- [et_pb_line_break_holder] -->  <!-- [et_pb_line_break_holder] -->  .nn-cursor:before {<!-- [et_pb_line_break_holder] -->  content: \"\";<!-- [et_pb_line_break_holder] -->  position: absolute;<!-- [et_pb_line_break_holder] -->  top: -5px;<!-- [et_pb_line_break_holder] -->  left: -5px;<!-- [et_pb_line_break_holder] -->  display: block;<!-- [et_pb_line_break_holder] -->  width: 10px;<!-- [et_pb_line_break_holder] -->  height: 10px;<!-- [et_pb_line_break_holder] -->  transform: scale(0);<!-- [et_pb_line_break_holder] -->  background: #F9634B;<!-- [et_pb_line_break_holder] -->  border-radius: 50%;<!-- [et_pb_line_break_holder] -->  transition: transform .3s ease-in-out,color .3s, background .3s;<!-- [et_pb_line_break_holder] -->}<!-- [et_pb_line_break_holder] -->  <!-- [et_pb_line_break_holder] -->  \/* background *\/<!-- [et_pb_line_break_holder] -->  <!-- [et_pb_line_break_holder] -->  .nn-cursor-text:before {<!-- [et_pb_line_break_holder] -->  content: '';<!-- [et_pb_line_break_holder] -->  position: absolute;<!-- [et_pb_line_break_holder] -->  left: 0;<!-- [et_pb_line_break_holder] -->  top: 0;<!-- [et_pb_line_break_holder] -->  width: 100%;<!-- [et_pb_line_break_holder] -->  height: 100%;<!-- [et_pb_line_break_holder] -->  z-index: -1;<!-- [et_pb_line_break_holder] -->  background-repeat: no-repeat;<!-- [et_pb_line_break_holder] -->  background-size: cover;<!-- [et_pb_line_break_holder] -->  background-position: center center;<!-- [et_pb_line_break_holder] -->  transition: color .3s,background .3s,-webkit-transform .7s ease-in-out;<!-- [et_pb_line_break_holder] -->  transition: transform .7s ease-in-out,color .3s,background .3s;<!-- [et_pb_line_break_holder] -->    <!-- [et_pb_line_break_holder] -->}<!-- [et_pb_line_break_holder] -->  <!-- [et_pb_line_break_holder] -->  .nn-cursor.-text .nn-cursor-text:before {<!-- [et_pb_line_break_holder] -->  animation: nn-cursor-text 13s infinite alternate;<!-- [et_pb_line_break_holder] -->}<!-- [et_pb_line_break_holder] -->  @keyframes nn-cursor-text{<!-- [et_pb_line_break_holder] -->  0%{transform:rotate(0)}<!-- [et_pb_line_break_holder] -->  100%{transform:rotate(360deg)}<!-- [et_pb_line_break_holder] -->}<!-- [et_pb_line_break_holder] -->.nn-cursor-text:before {<!-- [et_pb_line_break_holder] -->  background-image: url(data:image\/svg+xml;base64,PD94bWwgdmVyc2lvbj0iMS4wIiBlbmNvZGluZz0idXRmLTgiPz4NCjwhLS0gR2VuZXJhdG9yOiBBZG9iZSBJbGx1c3RyYXRvciAyNS4yLjEsIFNWRyBFeHBvcnQgUGx1Zy1JbiAuIFNWRyBWZXJzaW9uOiA2LjAwIEJ1aWxkIDApICAtLT4NCjxzdmcgdmVyc2lvbj0iMS4xIiBpZD0iTGF5ZXJfMSIgeG1sbnM9Imh0dHA6Ly93d3cudzMub3JnLzIwMDAvc3ZnIiB4bWxuczp4bGluaz0iaHR0cDovL3d3dy53My5vcmcvMTk5OS94bGluayIgeD0iMHB4IiB5PSIwcHgiDQoJIHZpZXdCb3g9IjAgMCA5My41IDkyLjUiIHN0eWxlPSJlbmFibGUtYmFja2dyb3VuZDpuZXcgMCAwIDkzLjUgOTIuNTsiIHhtbDpzcGFjZT0icHJlc2VydmUiPg0KPHN0eWxlIHR5cGU9InRleHQvY3NzIj4NCgkuc3Qwe2ZpbGw6I0Y5NjM0Qjt9DQo8L3N0eWxlPg0KPHBhdGggY2xhc3M9InN0MCIgZD0iTTkzLDQ3LjdDOTEsNjEuNCw4Ni43LDcwLjQsNzYuNSw3OS4yQzY4LDg2LjUsNTguNiw5Mi41LDQ2LjUsOTIuNUMxOS44LDkyLjUsNS44LDc5LjcsMSw1NQ0KCUMtMi4zLDM4LjUsMywyMi42LDEwLjgsMTQuMUMxOS43LDQuNCwyOC43LDAsNDIuOSwwYzExLjgsMCwyOC42LDUuNywzNywxMi43QzkwLjUsMjEuNSw5NS4xLDM0LDkzLDQ3Ljd6Ii8+DQo8L3N2Zz4NCg==);<!-- [et_pb_line_break_holder] -->}<!-- [et_pb_line_break_holder] -->  <!-- [et_pb_line_break_holder] -->  .nn-cursor:after {<!-- [et_pb_line_break_holder] -->  content: '';<!-- [et_pb_line_break_holder] -->  position: absolute;<!-- [et_pb_line_break_holder] -->  top: -47px;<!-- [et_pb_line_break_holder] -->  left: -47px;<!-- [et_pb_line_break_holder] -->  width: 94px;<!-- [et_pb_line_break_holder] -->  height: 94px;<!-- [et_pb_line_break_holder] -->  display: block;<!-- [et_pb_line_break_holder] -->  transform: scale(0) rotate(120deg);<!-- [et_pb_line_break_holder] -->  z-index: -1;<!-- [et_pb_line_break_holder] -->  background-image: url(data:image\/svg+xml;base64,PHN2ZyB3aWR0aD0iMTA0IiBoZWlnaHQ9IjEwNCIgdmlld0JveD0iMCAwIDEwNCAxMDQiIGZpbGw9Im5vbmUiIHhtbG5zPSJodHRwOi8vd3d3LnczLm9yZy8yMDAwL3N2ZyI+CjxwYXRoIGZpbGwtcnVsZT0iZXZlbm9kZCIgY2xpcC1ydWxlPSJldmVub2RkIiBkPSJNNTEuODU2NSAxMDMuMzMzQzgwLjQ5NjEgMTAzLjMzMyAxMDMuNzEzIDgwLjIwMTQgMTAzLjcxMyA1MS42NjY3QzEwMy43MTMgMjMuMTMyIDgwLjQ5NjEgMCA1MS44NTY1IDBDMjMuMjE3IDAgMCAyMy4xMzIgMCA1MS42NjY3QzAgODAuMjAxNCAyMy4yMTcgMTAzLjMzMyA1MS44NTY1IDEwMy4zMzNaTTQ1LjIwMjcgNDEuMzczMUw0My45NzAxIDQwLjcyODhWNDIuMTE5NlY1MS4xMDUxVjYwLjA5MDZWNjEuNDgxNUw0NS4yMDI3IDYwLjgzNzJMNjIuMzk0MyA1MS44NTE3TDYzLjgyMjYgNTEuMTA1MUw2Mi4zOTQzIDUwLjM1ODZMNDUuMjAyNyA0MS4zNzMxWk00NS42NTQ5IDUxLjEwNTFWNDMuNTEwNEw2MC4xODU1IDUxLjEwNTFMNDUuNjU0OSA1OC42OTk4VjUxLjEwNTFaIiBmaWxsPSJ3aGl0ZSIvPgo8L3N2Zz4K);<!-- [et_pb_line_break_holder] -->  background-repeat: no-repeat;<!-- [et_pb_line_break_holder] -->  background-size: cover;<!-- [et_pb_line_break_holder] -->  background-position: center center;<!-- [et_pb_line_break_holder] -->  transition: background .3s,-webkit-transform .6s cubic-bezier(.4,.22,.21,1.04);<!-- [et_pb_line_break_holder] -->  transition: transform .6s cubic-bezier(.4,.22,.21,1.04),background .3s;<!-- [et_pb_line_break_holder] -->}<!-- [et_pb_line_break_holder] -->  <!-- [et_pb_line_break_holder] --><\/style>\n<p>[\/et_pb_code][\/et_pb_column][\/et_pb_row][\/et_pb_section]<\/p>\n","protected":false},"excerpt":{"rendered":"<p>Pr\u00eat \u00e0 cr\u00e9er ?Avec nous, tout ce que vous imaginez, est possible. Car nous sommes plus qu&rsquo;un fabricant de produits de plaques en pl\u00e2tre lamin\u00e9. Nous donnons vie au pl\u00e2tre lamin\u00e9 avec des \u00e9l\u00e9ments pr\u00e9form\u00e9s afin d&rsquo;obtenir un design innovateur.Qualit\u00e9, design et \u00e9conomie avec une finition choisie sur mesureLe travail que nous r\u00e9alisons a pour [&hellip;]<\/p>\n","protected":false},"author":1,"featured_media":0,"parent":0,"menu_order":0,"comment_status":"closed","ping_status":"closed","template":"","meta":{"_et_pb_use_builder":"on","_et_pb_old_content":"","_et_gb_content_width":"","_monsterinsights_skip_tracking":false,"_monsterinsights_sitenote_active":false,"_monsterinsights_sitenote_note":"","_monsterinsights_sitenote_category":0,"footnotes":""},"class_list":["post-1036","page","type-page","status-publish","hentry"],"_links":{"self":[{"href":"https:\/\/www.infinityform.es\/fr\/wp-json\/wp\/v2\/pages\/1036","targetHints":{"allow":["GET"]}}],"collection":[{"href":"https:\/\/www.infinityform.es\/fr\/wp-json\/wp\/v2\/pages"}],"about":[{"href":"https:\/\/www.infinityform.es\/fr\/wp-json\/wp\/v2\/types\/page"}],"author":[{"embeddable":true,"href":"https:\/\/www.infinityform.es\/fr\/wp-json\/wp\/v2\/users\/1"}],"replies":[{"embeddable":true,"href":"https:\/\/www.infinityform.es\/fr\/wp-json\/wp\/v2\/comments?post=1036"}],"version-history":[{"count":3,"href":"https:\/\/www.infinityform.es\/fr\/wp-json\/wp\/v2\/pages\/1036\/revisions"}],"predecessor-version":[{"id":1109,"href":"https:\/\/www.infinityform.es\/fr\/wp-json\/wp\/v2\/pages\/1036\/revisions\/1109"}],"wp:attachment":[{"href":"https:\/\/www.infinityform.es\/fr\/wp-json\/wp\/v2\/media?parent=1036"}],"curies":[{"name":"wp","href":"https:\/\/api.w.org\/{rel}","templated":true}]}}