{"id":1030,"date":"2023-09-08T09:36:21","date_gmt":"2023-09-08T07:36:21","guid":{"rendered":"https:\/\/www.infinityform.es\/inici\/"},"modified":"2025-03-08T19:03:25","modified_gmt":"2025-03-08T18:03:25","slug":"inici","status":"publish","type":"page","link":"https:\/\/www.infinityform.es\/ca\/","title":{"rendered":"Inici"},"content":{"rendered":"<p>[et_pb_section fb_built=&#8221;1&#8243; fullwidth=&#8221;on&#8221; _builder_version=&#8221;4.22.1&#8243; _module_preset=&#8221;default&#8221; global_colors_info=&#8221;{}&#8221;][et_pb_nextend_smart_slider_3_fullwidth slider=&#8221;4&#8243; _builder_version=&#8221;4.27.4&#8243; _module_preset=&#8221;default&#8221; global_colors_info=&#8221;{}&#8221; hover_enabled=&#8221;0&#8243; sticky_enabled=&#8221;0&#8243;][\/et_pb_nextend_smart_slider_3_fullwidth][\/et_pb_section][et_pb_section fb_built=&#8221;1&#8243; _builder_version=&#8221;4.22.2&#8243; _module_preset=&#8221;default&#8221; background_image=&#8221;https:\/\/www.infinityform.es\/wp-content\/uploads\/2023\/09\/b0211c40-26a7-4d20-bf2f-122eeb547e2c.jpg&#8221; background_position=&#8221;top_left&#8221; background_enable_mask_style=&#8221;on&#8221; background_mask_style=&#8221;corner-pill&#8221; background_mask_color=&#8221;#a7a1c2&#8243; background_mask_size=&#8221;cover&#8221; background_mask_position=&#8221;bottom_left&#8221; background_mask_vertical_offset=&#8221;52%&#8221; custom_padding=&#8221;205px||205px||true|&#8221; global_colors_info=&#8221;{}&#8221;][et_pb_row column_structure=&#8221;3_5,2_5&#8243; use_custom_gutter=&#8221;on&#8221; gutter_width=&#8221;2&#8243; _builder_version=&#8221;4.22.2&#8243; _module_preset=&#8221;default&#8221; global_colors_info=&#8221;{}&#8221;][et_pb_column type=&#8221;3_5&#8243; _builder_version=&#8221;4.22.1&#8243; _module_preset=&#8221;default&#8221; global_colors_info=&#8221;{}&#8221;][et_pb_text _builder_version=&#8221;4.24.0&#8243; _module_preset=&#8221;default&#8221; text_text_color=&#8221;#FFFFFF&#8221; text_font_size=&#8221;16px&#8221; header_2_font=&#8221;|700|||||||&#8221; header_2_text_color=&#8221;#FFFFFF&#8221; global_colors_info=&#8221;{}&#8221;]<\/p>\n<h2>Est\u00e0s preparat per inventar?<\/h2>\n<p>[\/et_pb_text][et_pb_text _builder_version=&#8221;4.23.1&#8243; _module_preset=&#8221;default&#8221; text_text_color=&#8221;#FFFFFF&#8221; text_font_size=&#8221;18px&#8221; header_2_font=&#8221;|700|||||||&#8221; header_2_text_color=&#8221;#FFFFFF&#8221; custom_padding=&#8221;|150px|||false|false&#8221; custom_padding_tablet=&#8221;|150px|||false|false&#8221; custom_padding_phone=&#8221;|0px|||false|false&#8221; custom_padding_last_edited=&#8221;on|phone&#8221; global_colors_info=&#8221;{}&#8221;]<\/p>\n<p>Tot all\u00f2 que imaginis per al teu projecte, amb nosaltres \u00e9s possible.<\/p>\n<p>Perqu\u00e8 som molt m\u00e9s que un fabricant de productes de plaques de guix laminat. Donem vida al guix laminat amb elements preformats per aconseguir un disseny innovador.<\/p>\n<p>[\/et_pb_text][et_pb_button button_url=&#8221;@ET-DC@eyJkeW5hbWljIjp0cnVlLCJjb250ZW50IjoicG9zdF9saW5rX3VybF9wYWdlIiwic2V0dGluZ3MiOnsicG9zdF9pZCI6IjIxIiwiZW5hYmxlX2h0bWwiOiJvZmYifX0=@&#8221; button_text=&#8221;mirar els projectes&#8221; _builder_version=&#8221;4.22.2&#8243; _dynamic_attributes=&#8221;button_url&#8221; _module_preset=&#8221;default&#8221; custom_button=&#8221;on&#8221; button_text_color=&#8221;#FFFFFF&#8221; button_bg_color=&#8221;#5b5ba5&#8243; button_border_color=&#8221;#5b5ba5&#8243; button_border_radius=&#8221;70px&#8221; global_colors_info=&#8221;{}&#8221;][\/et_pb_button][\/et_pb_column][et_pb_column type=&#8221;2_5&#8243; _builder_version=&#8221;4.22.1&#8243; _module_preset=&#8221;default&#8221; global_colors_info=&#8221;{}&#8221;][\/et_pb_column][\/et_pb_row][\/et_pb_section][et_pb_section fb_built=&#8221;1&#8243; _builder_version=&#8221;4.22.2&#8243; _module_preset=&#8221;default&#8221; background_color=&#8221;#5b5ba5&#8243; global_colors_info=&#8221;{}&#8221;][et_pb_row column_structure=&#8221;2_3,1_3&#8243; _builder_version=&#8221;4.22.1&#8243; _module_preset=&#8221;default&#8221; global_colors_info=&#8221;{}&#8221;][et_pb_column type=&#8221;2_3&#8243; _builder_version=&#8221;4.22.1&#8243; _module_preset=&#8221;default&#8221; global_colors_info=&#8221;{}&#8221;][et_pb_text _builder_version=&#8221;4.22.1&#8243; _module_preset=&#8221;default&#8221; header_2_font=&#8221;|700|||||||&#8221; header_2_text_color=&#8221;#FFFFFF&#8221; global_colors_info=&#8221;{}&#8221;]<\/p>\n<h2>Qualitat, disseny i estalvi en un acabat que pots triar a la carta<\/h2>\n<p>[\/et_pb_text][et_pb_text _builder_version=&#8221;4.23.1&#8243; _module_preset=&#8221;default&#8221; text_text_color=&#8221;#FFFFFF&#8221; text_font_size=&#8221;18px&#8221; header_2_font_size=&#8221;27px&#8221; global_colors_info=&#8221;{}&#8221;]<\/p>\n<p>La feina que fem t\u00e9 el seu fonament en el nostre personal t\u00e8cnic, amb una EXPERI\u00c8NCIA DE M\u00c9S DE 20 ANYS en aquest sector.<\/p>\n<p>Amb un bagatge, tant nacional com internacional, que ens fa oferir-te els productes m\u00e9s innovadors per als teus projectes amb PREUS MOLT COMPETITIUS i una personalitat \u00fanica.<\/p>\n<p>[\/et_pb_text][et_pb_button button_url=&#8221;@ET-DC@eyJkeW5hbWljIjp0cnVlLCJjb250ZW50IjoicG9zdF9saW5rX3VybF9wYWdlIiwic2V0dGluZ3MiOnsicG9zdF9pZCI6IjE5IiwiZW5hYmxlX2h0bWwiOiJvZmYifX0=@&#8221; button_text=&#8221;nosaltres&#8221; _builder_version=&#8221;4.22.2&#8243; _dynamic_attributes=&#8221;button_url&#8221; _module_preset=&#8221;default&#8221; custom_button=&#8221;on&#8221; button_text_color=&#8221;#FFFFFF&#8221; button_border_radius=&#8221;82px&#8221; global_colors_info=&#8221;{}&#8221;][\/et_pb_button][\/et_pb_column][et_pb_column type=&#8221;1_3&#8243; _builder_version=&#8221;4.22.1&#8243; _module_preset=&#8221;default&#8221; global_colors_info=&#8221;{}&#8221;][\/et_pb_column][\/et_pb_row][\/et_pb_section][et_pb_section fb_built=&#8221;1&#8243; admin_label=&#8221;Code&#8221; _builder_version=&#8221;4.22.2&#8243; _module_preset=&#8221;default&#8221; background_color=&#8221;#5b5ba5&#8243; custom_padding=&#8221;0px||0px||true|false&#8221; global_colors_info=&#8221;{}&#8221;][et_pb_row _builder_version=&#8221;4.22.2&#8243; _module_preset=&#8221;default&#8221; custom_padding=&#8221;0px||0px||true|false&#8221; global_colors_info=&#8221;{}&#8221;][et_pb_column type=&#8221;4_4&#8243; _builder_version=&#8221;4.16&#8243; _module_preset=&#8221;default&#8221; global_colors_info=&#8221;{}&#8221;][et_pb_code admin_label=&#8221;YOUR SETTINGS&#8221; _builder_version=&#8221;4.16&#8243; _module_preset=&#8221;default&#8221; global_colors_info=&#8221;{}&#8221;]<script><!-- [et_pb_line_break_holder] --><!-- [et_pb_line_break_holder] -->  \/\/ text on blog hover<!-- [et_pb_line_break_holder] -->  var textBlog = \"Read\";<!-- [et_pb_line_break_holder] -->  <!-- [et_pb_line_break_holder] -->  \/\/ text on button and link hover<!-- [et_pb_line_break_holder] -->  var textButton = \"Click\";<!-- [et_pb_line_break_holder] -->  <!-- [et_pb_line_break_holder] -->  <!-- [et_pb_line_break_holder] --><\/script><!-- [et_pb_line_break_holder] --><!-- [et_pb_line_break_holder] --><\/p>\n<style><!-- [et_pb_line_break_holder] -->  <!-- [et_pb_line_break_holder] -->  \/* CURSOR TEXT COLOR, FONT & SIZE *\/<!-- [et_pb_line_break_holder] -->  .nn-cursor-text {<!-- [et_pb_line_break_holder] -->    color: #fff;<!-- [et_pb_line_break_holder] -->    font-family: \"Poppins\",sans-serif;<!-- [et_pb_line_break_holder] -->    font-size: 20px;<!-- [et_pb_line_break_holder] -->  }<!-- [et_pb_line_break_holder] -->  <!-- [et_pb_line_break_holder] -->  \/* CURSOR COLOR *\/<!-- [et_pb_line_break_holder] -->  .nn-cursor:before {<!-- [et_pb_line_break_holder] -->    background: #F9634B;<!-- [et_pb_line_break_holder] -->  }<!-- [et_pb_line_break_holder] -->  <!-- [et_pb_line_break_holder] --><\/style>\n<p>[\/et_pb_code][et_pb_code admin_label=&#8221;JS&#8221; _builder_version=&#8221;4.16&#8243; _module_preset=&#8221;default&#8221; global_colors_info=&#8221;{}&#8221;]<script><!-- [et_pb_line_break_holder] -->\tjQuery(function($){<!-- [et_pb_line_break_holder] -->  \t$( \"body\" ).append( \"<\/p>\n<div class='nn-cursor -visible'>\n<div class='nn-cursor-text'><\/div>\n<\/div>\n<p>\" );<!-- [et_pb_line_break_holder] -->    <!-- [et_pb_line_break_holder] -->    var cursor = document.querySelector('.nn-cursor');<!-- [et_pb_line_break_holder] -->    var cursorText = document.querySelector('.nn-cursor-text');<!-- [et_pb_line_break_holder] --><!-- [et_pb_line_break_holder] -->    document.addEventListener('mousemove', function(e){<!-- [et_pb_line_break_holder] -->      var x = e.clientX;<!-- [et_pb_line_break_holder] -->      var y = e.clientY;<!-- [et_pb_line_break_holder] -->      cursor.style.left = x + \"px\";<!-- [et_pb_line_break_holder] -->      cursor.style.top = y + \"px\";<!-- [et_pb_line_break_holder] -->      \/*cursor.style.transform = \"translate(\" + x + \"px ,\" + y + \"px)\";*\/<!-- [et_pb_line_break_holder] -->    });<!-- [et_pb_line_break_holder] --><!-- [et_pb_line_break_holder] --><!-- [et_pb_line_break_holder] -->    var links = document.querySelectorAll('a');<!-- [et_pb_line_break_holder] -->    links.forEach(item => {<!-- [et_pb_line_break_holder] -->      item.addEventListener('mouseover', () => {<!-- [et_pb_line_break_holder] -->        cursorText.innerHTML = textButton;<!-- [et_pb_line_break_holder] -->        cursor.classList.add('-text');<!-- [et_pb_line_break_holder] -->      });<!-- [et_pb_line_break_holder] -->      item.addEventListener('mouseleave', () => {<!-- [et_pb_line_break_holder] -->        cursorText.innerHTML = \"\";<!-- [et_pb_line_break_holder] -->        cursor.classList.remove('-text');<!-- [et_pb_line_break_holder] -->      });<!-- [et_pb_line_break_holder] -->    })<!-- [et_pb_line_break_holder] -->    <!-- [et_pb_line_break_holder] -->    var blog = document.querySelectorAll('.et_pb_post');<!-- [et_pb_line_break_holder] -->    blog.forEach(item => {<!-- [et_pb_line_break_holder] -->      item.addEventListener('mouseover', () => {<!-- [et_pb_line_break_holder] -->        cursorText.innerHTML = \"Read\";<!-- [et_pb_line_break_holder] -->        cursor.classList.add('-text');<!-- [et_pb_line_break_holder] -->      });<!-- [et_pb_line_break_holder] -->      item.addEventListener('mouseleave', () => {<!-- [et_pb_line_break_holder] -->        cursorText.innerHTML = \"\";<!-- [et_pb_line_break_holder] -->        cursor.classList.remove('-text');<!-- [et_pb_line_break_holder] -->      });<!-- [et_pb_line_break_holder] -->    })<!-- [et_pb_line_break_holder] -->    <!-- [et_pb_line_break_holder] -->  });<!-- [et_pb_line_break_holder] --><\/script>[\/et_pb_code][et_pb_code admin_label=&#8221;CSS&#8221; _builder_version=&#8221;4.22.2&#8243; _module_preset=&#8221;default&#8221; global_colors_info=&#8221;{}&#8221;]<\/p>\n<style><!-- [et_pb_line_break_holder] -->  <!-- [et_pb_line_break_holder] -->.et_mobile_device .nn-cursor {<!-- [et_pb_line_break_holder] -->  display: none;<!-- [et_pb_line_break_holder] -->}<!-- [et_pb_line_break_holder] --><!-- [et_pb_line_break_holder] -->.nn-cursor {<!-- [et_pb_line_break_holder] -->  position: fixed;<!-- [et_pb_line_break_holder] -->  top: 0;<!-- [et_pb_line_break_holder] -->  left: 0;<!-- [et_pb_line_break_holder] -->  z-index: 99999;<!-- [et_pb_line_break_holder] -->  contain: layout style size;<!-- [et_pb_line_break_holder] -->  pointer-events: none;<!-- [et_pb_line_break_holder] -->  will-change: transform;<!-- [et_pb_line_break_holder] -->  transition: all 200ms ease-out;<!-- [et_pb_line_break_holder] -->}<!-- [et_pb_line_break_holder] -->  <!-- [et_pb_line_break_holder] -->  .nn-cursor.-visible:before {<!-- [et_pb_line_break_holder] -->  transform: scale(1);<!-- [et_pb_line_break_holder] -->}<!-- [et_pb_line_break_holder] -->  <!-- [et_pb_line_break_holder] -->  .nn-cursor.-text .nn-cursor-text {<!-- [et_pb_line_break_holder] -->  opacity: 1;<!-- [et_pb_line_break_holder] -->  transform: scale(1) rotate(0);<!-- [et_pb_line_break_holder] -->}<!-- [et_pb_line_break_holder] -->  <!-- [et_pb_line_break_holder] -->  .nn-cursor-text {<!-- [et_pb_line_break_holder] -->  position: absolute;<!-- [et_pb_line_break_holder] -->  top: -47px;<!-- [et_pb_line_break_holder] -->  left: -47px;<!-- [et_pb_line_break_holder] -->  width: 94px;<!-- [et_pb_line_break_holder] -->  height: 94px;<!-- [et_pb_line_break_holder] -->  display: flex;<!-- [et_pb_line_break_holder] -->  align-items: center;<!-- [et_pb_line_break_holder] -->  justify-content: center;<!-- [et_pb_line_break_holder] -->  transform: scale(0) rotate(120deg);<!-- [et_pb_line_break_holder] -->  color: #fff;<!-- [et_pb_line_break_holder] -->  font-family: \"Nunito Sans\",sans-serif;<!-- [et_pb_line_break_holder] -->  font-size: 20px;<!-- [et_pb_line_break_holder] -->  text-align: center;<!-- [et_pb_line_break_holder] -->  transition: transform .8s cubic-bezier(.4,.22,.21,1.04);<!-- [et_pb_line_break_holder] -->}<!-- [et_pb_line_break_holder] -->  <!-- [et_pb_line_break_holder] -->  .nn-cursor:before {<!-- [et_pb_line_break_holder] -->  content: \"\";<!-- [et_pb_line_break_holder] -->  position: absolute;<!-- [et_pb_line_break_holder] -->  top: -5px;<!-- [et_pb_line_break_holder] -->  left: -5px;<!-- [et_pb_line_break_holder] -->  display: block;<!-- [et_pb_line_break_holder] -->  width: 10px;<!-- [et_pb_line_break_holder] -->  height: 10px;<!-- [et_pb_line_break_holder] -->  transform: scale(0);<!-- [et_pb_line_break_holder] -->  background: #F9634B;<!-- [et_pb_line_break_holder] -->  border-radius: 50%;<!-- [et_pb_line_break_holder] -->  transition: transform .3s ease-in-out,color .3s, background .3s;<!-- [et_pb_line_break_holder] -->}<!-- [et_pb_line_break_holder] -->  <!-- [et_pb_line_break_holder] -->  \/* background *\/<!-- [et_pb_line_break_holder] -->  <!-- [et_pb_line_break_holder] -->  .nn-cursor-text:before {<!-- [et_pb_line_break_holder] -->  content: '';<!-- [et_pb_line_break_holder] -->  position: absolute;<!-- [et_pb_line_break_holder] -->  left: 0;<!-- [et_pb_line_break_holder] -->  top: 0;<!-- [et_pb_line_break_holder] -->  width: 100%;<!-- [et_pb_line_break_holder] -->  height: 100%;<!-- [et_pb_line_break_holder] -->  z-index: -1;<!-- [et_pb_line_break_holder] -->  background-repeat: no-repeat;<!-- [et_pb_line_break_holder] -->  background-size: cover;<!-- [et_pb_line_break_holder] -->  background-position: center center;<!-- [et_pb_line_break_holder] -->  transition: color .3s,background .3s,-webkit-transform .7s ease-in-out;<!-- [et_pb_line_break_holder] -->  transition: transform .7s ease-in-out,color .3s,background .3s;<!-- [et_pb_line_break_holder] -->    <!-- [et_pb_line_break_holder] -->}<!-- [et_pb_line_break_holder] -->  <!-- [et_pb_line_break_holder] -->  .nn-cursor.-text .nn-cursor-text:before {<!-- [et_pb_line_break_holder] -->  animation: nn-cursor-text 13s infinite alternate;<!-- [et_pb_line_break_holder] -->}<!-- [et_pb_line_break_holder] -->  @keyframes nn-cursor-text{<!-- [et_pb_line_break_holder] -->  0%{transform:rotate(0)}<!-- [et_pb_line_break_holder] -->  100%{transform:rotate(360deg)}<!-- [et_pb_line_break_holder] -->}<!-- [et_pb_line_break_holder] -->.nn-cursor-text:before {<!-- [et_pb_line_break_holder] -->  background-image: url(data:image\/svg+xml;base64,PD94bWwgdmVyc2lvbj0iMS4wIiBlbmNvZGluZz0idXRmLTgiPz4NCjwhLS0gR2VuZXJhdG9yOiBBZG9iZSBJbGx1c3RyYXRvciAyNS4yLjEsIFNWRyBFeHBvcnQgUGx1Zy1JbiAuIFNWRyBWZXJzaW9uOiA2LjAwIEJ1aWxkIDApICAtLT4NCjxzdmcgdmVyc2lvbj0iMS4xIiBpZD0iTGF5ZXJfMSIgeG1sbnM9Imh0dHA6Ly93d3cudzMub3JnLzIwMDAvc3ZnIiB4bWxuczp4bGluaz0iaHR0cDovL3d3dy53My5vcmcvMTk5OS94bGluayIgeD0iMHB4IiB5PSIwcHgiDQoJIHZpZXdCb3g9IjAgMCA5My41IDkyLjUiIHN0eWxlPSJlbmFibGUtYmFja2dyb3VuZDpuZXcgMCAwIDkzLjUgOTIuNTsiIHhtbDpzcGFjZT0icHJlc2VydmUiPg0KPHN0eWxlIHR5cGU9InRleHQvY3NzIj4NCgkuc3Qwe2ZpbGw6I0Y5NjM0Qjt9DQo8L3N0eWxlPg0KPHBhdGggY2xhc3M9InN0MCIgZD0iTTkzLDQ3LjdDOTEsNjEuNCw4Ni43LDcwLjQsNzYuNSw3OS4yQzY4LDg2LjUsNTguNiw5Mi41LDQ2LjUsOTIuNUMxOS44LDkyLjUsNS44LDc5LjcsMSw1NQ0KCUMtMi4zLDM4LjUsMywyMi42LDEwLjgsMTQuMUMxOS43LDQuNCwyOC43LDAsNDIuOSwwYzExLjgsMCwyOC42LDUuNywzNywxMi43QzkwLjUsMjEuNSw5NS4xLDM0LDkzLDQ3Ljd6Ii8+DQo8L3N2Zz4NCg==);<!-- [et_pb_line_break_holder] -->}<!-- [et_pb_line_break_holder] -->  <!-- [et_pb_line_break_holder] -->  .nn-cursor:after {<!-- [et_pb_line_break_holder] -->  content: '';<!-- [et_pb_line_break_holder] -->  position: absolute;<!-- [et_pb_line_break_holder] -->  top: -47px;<!-- [et_pb_line_break_holder] -->  left: -47px;<!-- [et_pb_line_break_holder] -->  width: 94px;<!-- [et_pb_line_break_holder] -->  height: 94px;<!-- [et_pb_line_break_holder] -->  display: block;<!-- [et_pb_line_break_holder] -->  transform: scale(0) rotate(120deg);<!-- [et_pb_line_break_holder] -->  z-index: -1;<!-- [et_pb_line_break_holder] -->  background-image: url(data:image\/svg+xml;base64,PHN2ZyB3aWR0aD0iMTA0IiBoZWlnaHQ9IjEwNCIgdmlld0JveD0iMCAwIDEwNCAxMDQiIGZpbGw9Im5vbmUiIHhtbG5zPSJodHRwOi8vd3d3LnczLm9yZy8yMDAwL3N2ZyI+CjxwYXRoIGZpbGwtcnVsZT0iZXZlbm9kZCIgY2xpcC1ydWxlPSJldmVub2RkIiBkPSJNNTEuODU2NSAxMDMuMzMzQzgwLjQ5NjEgMTAzLjMzMyAxMDMuNzEzIDgwLjIwMTQgMTAzLjcxMyA1MS42NjY3QzEwMy43MTMgMjMuMTMyIDgwLjQ5NjEgMCA1MS44NTY1IDBDMjMuMjE3IDAgMCAyMy4xMzIgMCA1MS42NjY3QzAgODAuMjAxNCAyMy4yMTcgMTAzLjMzMyA1MS44NTY1IDEwMy4zMzNaTTQ1LjIwMjcgNDEuMzczMUw0My45NzAxIDQwLjcyODhWNDIuMTE5NlY1MS4xMDUxVjYwLjA5MDZWNjEuNDgxNUw0NS4yMDI3IDYwLjgzNzJMNjIuMzk0MyA1MS44NTE3TDYzLjgyMjYgNTEuMTA1MUw2Mi4zOTQzIDUwLjM1ODZMNDUuMjAyNyA0MS4zNzMxWk00NS42NTQ5IDUxLjEwNTFWNDMuNTEwNEw2MC4xODU1IDUxLjEwNTFMNDUuNjU0OSA1OC42OTk4VjUxLjEwNTFaIiBmaWxsPSJ3aGl0ZSIvPgo8L3N2Zz4K);<!-- [et_pb_line_break_holder] -->  background-repeat: no-repeat;<!-- [et_pb_line_break_holder] -->  background-size: cover;<!-- [et_pb_line_break_holder] -->  background-position: center center;<!-- [et_pb_line_break_holder] -->  transition: background .3s,-webkit-transform .6s cubic-bezier(.4,.22,.21,1.04);<!-- [et_pb_line_break_holder] -->  transition: transform .6s cubic-bezier(.4,.22,.21,1.04),background .3s;<!-- [et_pb_line_break_holder] -->}<!-- [et_pb_line_break_holder] -->  <!-- [et_pb_line_break_holder] --><\/style>\n<p>[\/et_pb_code][\/et_pb_column][\/et_pb_row][\/et_pb_section]<\/p>\n","protected":false},"excerpt":{"rendered":"<p>Est\u00e0s preparat per inventar?Tot all\u00f2 que imaginis per al teu projecte, amb nosaltres \u00e9s possible. Perqu\u00e8 som molt m\u00e9s que un fabricant de productes de plaques de guix laminat. Donem vida al guix laminat amb elements preformats per aconseguir un disseny innovador.Qualitat, disseny i estalvi en un acabat que pots triar a la cartaLa feina [&hellip;]<\/p>\n","protected":false},"author":1,"featured_media":0,"parent":0,"menu_order":0,"comment_status":"closed","ping_status":"closed","template":"","meta":{"_et_pb_use_builder":"on","_et_pb_old_content":"","_et_gb_content_width":"","_monsterinsights_skip_tracking":false,"_monsterinsights_sitenote_active":false,"_monsterinsights_sitenote_note":"","_monsterinsights_sitenote_category":0,"footnotes":""},"class_list":["post-1030","page","type-page","status-publish","hentry"],"_links":{"self":[{"href":"https:\/\/www.infinityform.es\/ca\/wp-json\/wp\/v2\/pages\/1030","targetHints":{"allow":["GET"]}}],"collection":[{"href":"https:\/\/www.infinityform.es\/ca\/wp-json\/wp\/v2\/pages"}],"about":[{"href":"https:\/\/www.infinityform.es\/ca\/wp-json\/wp\/v2\/types\/page"}],"author":[{"embeddable":true,"href":"https:\/\/www.infinityform.es\/ca\/wp-json\/wp\/v2\/users\/1"}],"replies":[{"embeddable":true,"href":"https:\/\/www.infinityform.es\/ca\/wp-json\/wp\/v2\/comments?post=1030"}],"version-history":[{"count":3,"href":"https:\/\/www.infinityform.es\/ca\/wp-json\/wp\/v2\/pages\/1030\/revisions"}],"predecessor-version":[{"id":1107,"href":"https:\/\/www.infinityform.es\/ca\/wp-json\/wp\/v2\/pages\/1030\/revisions\/1107"}],"wp:attachment":[{"href":"https:\/\/www.infinityform.es\/ca\/wp-json\/wp\/v2\/media?parent=1030"}],"curies":[{"name":"wp","href":"https:\/\/api.w.org\/{rel}","templated":true}]}}